{"id":9,"date":"2023-01-05T15:02:49","date_gmt":"2023-01-05T14:02:49","guid":{"rendered":"http:\/\/kinespq.cluster031.hosting.ovh.net\/?page_id=7"},"modified":"2023-02-24T17:46:38","modified_gmt":"2023-02-24T16:46:38","slug":"accueil-kine-sport-crolles","status":"publish","type":"page","link":"https:\/\/kinesportcrolles.fr\/","title":{"rendered":"Accueil"},"content":{"rendered":"\n<div class=\"wp-block-cover\"><span aria-hidden=\"true\" class=\"wp-block-cover__background has-nv-c-1-background-color has-background-dim-100 has-background-dim\"><\/span><div class=\"wp-block-cover__inner-container is-layout-flow wp-block-cover-is-layout-flow\">\n<p class=\"has-text-align-center has-large-font-size\">Bienvenue sur le site du cabinet :<br>Kin\u00e9 Sport Crolles<\/p>\n\n\n\n<p class=\"has-text-align-center\">R\u00e9habilitation cardio-respiratoire \/ R\u00e9-entra\u00eenement \u00e0 l&rsquo;effort<br>R\u00e9\u00e9ducation des pathologies du sportif amateur et de haut niveau<br>R\u00e9athl\u00e9tisation \/ Retour au sport<br>R\u00e9\u00e9ducation des pathologies des membres inf\u00e9rieurs, sup\u00e9rieurs et du dos<br><\/p>\n\n\n\n<p class=\"has-text-align-center has-small-font-size\"><em>Site internet en cours de construction<\/em><\/p>\n\n\n\n<div class=\"wp-block-columns is-layout-flex wp-container-core-columns-is-layout-9d6595d7 wp-block-columns-is-layout-flex\">\n<div class=\"wp-block-column is-layout-flow wp-block-column-is-layout-flow\"><div class=\"wp-block-image\">\n<figure class=\"aligncenter size-large is-resized\"><img loading=\"lazy\" decoding=\"async\" src=\"https:\/\/kinesportcrolles.fr\/wp-content\/uploads\/2023\/01\/WhatsApp-Image-2023-01-07-at-16.49.50-1-768x1024.jpeg\" alt=\"Kine Sport Crolles Technogym - MyRun - Tapis de course - Renforcement - proprioception - gymnase - Fracture - Entorse\" class=\"wp-image-81\" width=\"344\" height=\"458\" srcset=\"https:\/\/kinesportcrolles.fr\/wp-content\/uploads\/2023\/01\/WhatsApp-Image-2023-01-07-at-16.49.50-1-768x1024.jpeg 768w, https:\/\/kinesportcrolles.fr\/wp-content\/uploads\/2023\/01\/WhatsApp-Image-2023-01-07-at-16.49.50-1-225x300.jpeg 225w, https:\/\/kinesportcrolles.fr\/wp-content\/uploads\/2023\/01\/WhatsApp-Image-2023-01-07-at-16.49.50-1-1152x1536.jpeg 1152w, https:\/\/kinesportcrolles.fr\/wp-content\/uploads\/2023\/01\/WhatsApp-Image-2023-01-07-at-16.49.50-1.jpeg 1500w\" sizes=\"auto, (max-width: 344px) 100vw, 344px\" \/><\/figure>\n<\/div><\/div>\n\n\n\n<div class=\"wp-block-column is-layout-flow wp-block-column-is-layout-flow\" style=\"flex-basis:20px\"><\/div>\n\n\n\n<div class=\"wp-block-column is-layout-flow wp-block-column-is-layout-flow\"><div class=\"wp-block-image\">\n<figure class=\"aligncenter size-large is-resized\"><img loading=\"lazy\" decoding=\"async\" src=\"https:\/\/kinesportcrolles.fr\/wp-content\/uploads\/2023\/01\/WhatsApp-Image-2023-01-17-at-13.21.22-768x1024.jpeg\" alt=\"Kine Sport Crolles - gymnase - tapis de course - technogym - r\u00e9athl\u00e9tisation - proprioception - Fracture - Entorse\" class=\"wp-image-82\" width=\"344\" height=\"458\" srcset=\"https:\/\/kinesportcrolles.fr\/wp-content\/uploads\/2023\/01\/WhatsApp-Image-2023-01-17-at-13.21.22-768x1024.jpeg 768w, https:\/\/kinesportcrolles.fr\/wp-content\/uploads\/2023\/01\/WhatsApp-Image-2023-01-17-at-13.21.22-225x300.jpeg 225w, https:\/\/kinesportcrolles.fr\/wp-content\/uploads\/2023\/01\/WhatsApp-Image-2023-01-17-at-13.21.22-1152x1536.jpeg 1152w, https:\/\/kinesportcrolles.fr\/wp-content\/uploads\/2023\/01\/WhatsApp-Image-2023-01-17-at-13.21.22.jpeg 1500w\" sizes=\"auto, (max-width: 344px) 100vw, 344px\" \/><\/figure>\n<\/div><\/div>\n<\/div>\n\n\n\n<div class=\"wp-block-columns is-layout-flex wp-container-core-columns-is-layout-9d6595d7 wp-block-columns-is-layout-flex\">\n<div class=\"wp-block-column is-layout-flow wp-block-column-is-layout-flow\">\n<p>Le cabinet Kine Sport Crolles, c&rsquo;est un espace d\u00e9di\u00e9 \u00e0 votre r\u00e9\u00e9ducation, id\u00e9alement situ\u00e9 dans l&rsquo;\u00e9co-quartier (secteur du Triangle) \u00e0 Crolles.<br><br>Notre \u00e9quipe jeune et dynamique, vous proposera des soins adapt\u00e9s \u00e0 vos besoins en fonction des diff\u00e9rentes sp\u00e9cialisations de nos praticiens, afin d&rsquo;optimiser votre r\u00e9cup\u00e9ration.<br><br>Nos praticiens suivent r\u00e9guli\u00e8rement de nouvelles formations pour vous proposer les techniques les plus appropri\u00e9es pour votre r\u00e9\u00e9ducation.<\/p>\n<\/div>\n\n\n\n<div class=\"wp-block-column is-layout-flow wp-block-column-is-layout-flow\" style=\"flex-basis:20px\"><\/div>\n\n\n\n<div class=\"wp-block-column is-layout-flow wp-block-column-is-layout-flow\">\n<p>Une premi\u00e8re s\u00e9ance sera d\u00e9di\u00e9e \u00e0 une prise de contact et \u00e0 un Bilan Diagnostic Kin\u00e9sith\u00e9rapique permettant d&rsquo;aboutir \u00e0 l&rsquo;\u00e9laboration d&rsquo;un plan de traitement avec :<br><br>&#8211; un suivi individuel<br><br>&#8211; une approche personnalis\u00e9e<br><br>&#8211; une validation des objectifs th\u00e9rapeutiques communs<br><\/p>\n<\/div>\n<\/div>\n<\/div><\/div>\n\n\n\n<p class=\"has-text-align-center has-nv-c-1-color has-text-color\" style=\"font-size:30px\">Prise de rendez-vous par <a href=\"https:\/\/kinesportcrolles.fr\/index.php\/contact\/\">t\u00e9l\u00e9phone<\/a> au : <a href=\"tel: 0973892428\">09.73.89.24.28<\/a><br>ou par <a href=\"https:\/\/kinesportcrolles.fr\/index.php\/contact\/\">email<\/a> \u00e0 : <a href=\"mailto:kinesportcrolles@gmail.com\">kinesportcrolles@gmail.com<\/a><\/p>\n\n\n\n<p class=\"has-text-align-center has-neve-link-color-color has-nv-site-bg-background-color has-text-color has-background\">Retrouvez-nous sur <a href=\"https:\/\/www.facebook.com\/profile.php?id=100088079003468\" target=\"_blank\" rel=\"noreferrer noopener\">Facebook<\/a> et sur <a href=\"https:\/\/www.instagram.com\/kinesportcrolles\/\" target=\"_blank\" rel=\"noreferrer noopener\">Instagram<\/a><\/p>\n","protected":false},"excerpt":{"rendered":"<p>Prise de rendez-vous par t\u00e9l\u00e9phone au : 09.73.89.24.28ou par email \u00e0 : kinesportcrolles@gmail.com Retrouvez-nous sur Facebook et sur Instagram<\/p>\n","protected":false},"author":1,"featured_media":82,"parent":0,"menu_order":0,"comment_status":"closed","ping_status":"closed","template":"","meta":{"neve_meta_sidebar":"","neve_meta_container":"","neve_meta_enable_content_width":"on","neve_meta_content_width":100,"neve_meta_title_alignment":"","neve_meta_author_avatar":"","neve_post_elements_order":"","neve_meta_disable_header":"","neve_meta_disable_footer":"","neve_meta_disable_title":"on","footnotes":""},"class_list":["post-9","page","type-page","status-publish","has-post-thumbnail","hentry"],"yoast_head":"<!-- This site is optimized with the Yoast SEO plugin v27.3 - https:\/\/yoast.com\/product\/yoast-seo-wordpress\/ -->\n<title>Kin\u00e9 Sport Crolles<\/title>\n<meta name=\"description\" content=\"Kin\u00e9 Sport Crolles - Cabinet de r\u00e9\u00e9ducation et de r\u00e9habilitation cardio-respiratoire. Kin\u00e9sith\u00e9rapie du sport. R\u00e9athl\u00e9tisation &amp; Renforcement.\" \/>\n<meta name=\"robots\" content=\"index, follow, max-snippet:-1, max-image-preview:large, max-video-preview:-1\" \/>\n<link rel=\"canonical\" href=\"https:\/\/kinesportcrolles.fr\/\" \/>\n<meta property=\"og:locale\" content=\"fr_FR\" \/>\n<meta property=\"og:type\" content=\"article\" \/>\n<meta property=\"og:title\" content=\"Kin\u00e9 Sport Crolles\" \/>\n<meta property=\"og:description\" content=\"Kin\u00e9 Sport Crolles - Cabinet de r\u00e9\u00e9ducation et de r\u00e9habilitation cardio-respiratoire. Kin\u00e9sith\u00e9rapie du sport. R\u00e9athl\u00e9tisation &amp; Renforcement.\" \/>\n<meta property=\"og:url\" content=\"https:\/\/kinesportcrolles.fr\/\" \/>\n<meta property=\"og:site_name\" content=\"WordPress\" \/>\n<meta property=\"article:publisher\" content=\"https:\/\/www.facebook.com\/profile.php?id=100088079003468\" \/>\n<meta property=\"article:modified_time\" content=\"2023-02-24T16:46:38+00:00\" \/>\n<meta property=\"og:image\" content=\"https:\/\/kinesportcrolles.fr\/wp-content\/uploads\/2023\/01\/WhatsApp-Image-2023-01-17-at-13.21.22.jpeg\" \/>\n\t<meta property=\"og:image:width\" content=\"1500\" \/>\n\t<meta property=\"og:image:height\" content=\"2000\" \/>\n\t<meta property=\"og:image:type\" content=\"image\/jpeg\" \/>\n<meta name=\"twitter:card\" content=\"summary_large_image\" \/>\n<meta name=\"twitter:label1\" content=\"Dur\u00e9e de lecture estim\u00e9e\" \/>\n\t<meta name=\"twitter:data1\" content=\"2 minutes\" \/>\n<script type=\"application\/ld+json\" class=\"yoast-schema-graph\">{\"@context\":\"https:\\\/\\\/schema.org\",\"@graph\":[{\"@type\":\"WebPage\",\"@id\":\"https:\\\/\\\/kinesportcrolles.fr\\\/\",\"url\":\"https:\\\/\\\/kinesportcrolles.fr\\\/\",\"name\":\"Kin\u00e9 Sport Crolles\",\"isPartOf\":{\"@id\":\"https:\\\/\\\/kinesportcrolles.fr\\\/#website\"},\"primaryImageOfPage\":{\"@id\":\"https:\\\/\\\/kinesportcrolles.fr\\\/#primaryimage\"},\"image\":{\"@id\":\"https:\\\/\\\/kinesportcrolles.fr\\\/#primaryimage\"},\"thumbnailUrl\":\"https:\\\/\\\/kinesportcrolles.fr\\\/wp-content\\\/uploads\\\/2023\\\/01\\\/WhatsApp-Image-2023-01-17-at-13.21.22.jpeg\",\"datePublished\":\"2023-01-05T14:02:49+00:00\",\"dateModified\":\"2023-02-24T16:46:38+00:00\",\"description\":\"Kin\u00e9 Sport Crolles - Cabinet de r\u00e9\u00e9ducation et de r\u00e9habilitation cardio-respiratoire. Kin\u00e9sith\u00e9rapie du sport. R\u00e9athl\u00e9tisation & Renforcement.\",\"breadcrumb\":{\"@id\":\"https:\\\/\\\/kinesportcrolles.fr\\\/#breadcrumb\"},\"inLanguage\":\"fr-FR\",\"potentialAction\":[{\"@type\":\"ReadAction\",\"target\":[\"https:\\\/\\\/kinesportcrolles.fr\\\/\"]}]},{\"@type\":\"ImageObject\",\"inLanguage\":\"fr-FR\",\"@id\":\"https:\\\/\\\/kinesportcrolles.fr\\\/#primaryimage\",\"url\":\"https:\\\/\\\/kinesportcrolles.fr\\\/wp-content\\\/uploads\\\/2023\\\/01\\\/WhatsApp-Image-2023-01-17-at-13.21.22.jpeg\",\"contentUrl\":\"https:\\\/\\\/kinesportcrolles.fr\\\/wp-content\\\/uploads\\\/2023\\\/01\\\/WhatsApp-Image-2023-01-17-at-13.21.22.jpeg\",\"width\":1500,\"height\":2000},{\"@type\":\"BreadcrumbList\",\"@id\":\"https:\\\/\\\/kinesportcrolles.fr\\\/#breadcrumb\",\"itemListElement\":[{\"@type\":\"ListItem\",\"position\":1,\"name\":\"Accueil\",\"item\":\"https:\\\/\\\/kinesportcrolles.fr\\\/\"},{\"@type\":\"ListItem\",\"position\":2,\"name\":\"Accueil\"}]},{\"@type\":\"WebSite\",\"@id\":\"https:\\\/\\\/kinesportcrolles.fr\\\/#website\",\"url\":\"https:\\\/\\\/kinesportcrolles.fr\\\/\",\"name\":\"Kine Sport Crolles\",\"description\":\"\",\"publisher\":{\"@id\":\"https:\\\/\\\/kinesportcrolles.fr\\\/#organization\"},\"potentialAction\":[{\"@type\":\"SearchAction\",\"target\":{\"@type\":\"EntryPoint\",\"urlTemplate\":\"https:\\\/\\\/kinesportcrolles.fr\\\/?s={search_term_string}\"},\"query-input\":{\"@type\":\"PropertyValueSpecification\",\"valueRequired\":true,\"valueName\":\"search_term_string\"}}],\"inLanguage\":\"fr-FR\"},{\"@type\":\"Organization\",\"@id\":\"https:\\\/\\\/kinesportcrolles.fr\\\/#organization\",\"name\":\"Kine Sport Crolles\",\"url\":\"https:\\\/\\\/kinesportcrolles.fr\\\/\",\"logo\":{\"@type\":\"ImageObject\",\"inLanguage\":\"fr-FR\",\"@id\":\"https:\\\/\\\/kinesportcrolles.fr\\\/#\\\/schema\\\/logo\\\/image\\\/\",\"url\":\"http:\\\/\\\/kinesportcrolles.fr\\\/wp-content\\\/uploads\\\/2023\\\/01\\\/cropped-Capture-decran-2023-01-05-a-15.07.36.png\",\"contentUrl\":\"http:\\\/\\\/kinesportcrolles.fr\\\/wp-content\\\/uploads\\\/2023\\\/01\\\/cropped-Capture-decran-2023-01-05-a-15.07.36.png\",\"width\":200,\"height\":125,\"caption\":\"Kine Sport Crolles\"},\"image\":{\"@id\":\"https:\\\/\\\/kinesportcrolles.fr\\\/#\\\/schema\\\/logo\\\/image\\\/\"},\"sameAs\":[\"https:\\\/\\\/www.facebook.com\\\/profile.php?id=100088079003468\",\"https:\\\/\\\/www.instagram.com\\\/kinesportcrolles\\\/\"]}]}<\/script>\n<!-- \/ Yoast SEO plugin. -->","yoast_head_json":{"title":"Kin\u00e9 Sport Crolles","description":"Kin\u00e9 Sport Crolles - Cabinet de r\u00e9\u00e9ducation et de r\u00e9habilitation cardio-respiratoire. Kin\u00e9sith\u00e9rapie du sport. R\u00e9athl\u00e9tisation & Renforcement.","robots":{"index":"index","follow":"follow","max-snippet":"max-snippet:-1","max-image-preview":"max-image-preview:large","max-video-preview":"max-video-preview:-1"},"canonical":"https:\/\/kinesportcrolles.fr\/","og_locale":"fr_FR","og_type":"article","og_title":"Kin\u00e9 Sport Crolles","og_description":"Kin\u00e9 Sport Crolles - Cabinet de r\u00e9\u00e9ducation et de r\u00e9habilitation cardio-respiratoire. Kin\u00e9sith\u00e9rapie du sport. R\u00e9athl\u00e9tisation & Renforcement.","og_url":"https:\/\/kinesportcrolles.fr\/","og_site_name":"WordPress","article_publisher":"https:\/\/www.facebook.com\/profile.php?id=100088079003468","article_modified_time":"2023-02-24T16:46:38+00:00","og_image":[{"width":1500,"height":2000,"url":"https:\/\/kinesportcrolles.fr\/wp-content\/uploads\/2023\/01\/WhatsApp-Image-2023-01-17-at-13.21.22.jpeg","type":"image\/jpeg"}],"twitter_card":"summary_large_image","twitter_misc":{"Dur\u00e9e de lecture estim\u00e9e":"2 minutes"},"schema":{"@context":"https:\/\/schema.org","@graph":[{"@type":"WebPage","@id":"https:\/\/kinesportcrolles.fr\/","url":"https:\/\/kinesportcrolles.fr\/","name":"Kin\u00e9 Sport Crolles","isPartOf":{"@id":"https:\/\/kinesportcrolles.fr\/#website"},"primaryImageOfPage":{"@id":"https:\/\/kinesportcrolles.fr\/#primaryimage"},"image":{"@id":"https:\/\/kinesportcrolles.fr\/#primaryimage"},"thumbnailUrl":"https:\/\/kinesportcrolles.fr\/wp-content\/uploads\/2023\/01\/WhatsApp-Image-2023-01-17-at-13.21.22.jpeg","datePublished":"2023-01-05T14:02:49+00:00","dateModified":"2023-02-24T16:46:38+00:00","description":"Kin\u00e9 Sport Crolles - Cabinet de r\u00e9\u00e9ducation et de r\u00e9habilitation cardio-respiratoire. Kin\u00e9sith\u00e9rapie du sport. R\u00e9athl\u00e9tisation & Renforcement.","breadcrumb":{"@id":"https:\/\/kinesportcrolles.fr\/#breadcrumb"},"inLanguage":"fr-FR","potentialAction":[{"@type":"ReadAction","target":["https:\/\/kinesportcrolles.fr\/"]}]},{"@type":"ImageObject","inLanguage":"fr-FR","@id":"https:\/\/kinesportcrolles.fr\/#primaryimage","url":"https:\/\/kinesportcrolles.fr\/wp-content\/uploads\/2023\/01\/WhatsApp-Image-2023-01-17-at-13.21.22.jpeg","contentUrl":"https:\/\/kinesportcrolles.fr\/wp-content\/uploads\/2023\/01\/WhatsApp-Image-2023-01-17-at-13.21.22.jpeg","width":1500,"height":2000},{"@type":"BreadcrumbList","@id":"https:\/\/kinesportcrolles.fr\/#breadcrumb","itemListElement":[{"@type":"ListItem","position":1,"name":"Accueil","item":"https:\/\/kinesportcrolles.fr\/"},{"@type":"ListItem","position":2,"name":"Accueil"}]},{"@type":"WebSite","@id":"https:\/\/kinesportcrolles.fr\/#website","url":"https:\/\/kinesportcrolles.fr\/","name":"Kine Sport Crolles","description":"","publisher":{"@id":"https:\/\/kinesportcrolles.fr\/#organization"},"potentialAction":[{"@type":"SearchAction","target":{"@type":"EntryPoint","urlTemplate":"https:\/\/kinesportcrolles.fr\/?s={search_term_string}"},"query-input":{"@type":"PropertyValueSpecification","valueRequired":true,"valueName":"search_term_string"}}],"inLanguage":"fr-FR"},{"@type":"Organization","@id":"https:\/\/kinesportcrolles.fr\/#organization","name":"Kine Sport Crolles","url":"https:\/\/kinesportcrolles.fr\/","logo":{"@type":"ImageObject","inLanguage":"fr-FR","@id":"https:\/\/kinesportcrolles.fr\/#\/schema\/logo\/image\/","url":"http:\/\/kinesportcrolles.fr\/wp-content\/uploads\/2023\/01\/cropped-Capture-decran-2023-01-05-a-15.07.36.png","contentUrl":"http:\/\/kinesportcrolles.fr\/wp-content\/uploads\/2023\/01\/cropped-Capture-decran-2023-01-05-a-15.07.36.png","width":200,"height":125,"caption":"Kine Sport Crolles"},"image":{"@id":"https:\/\/kinesportcrolles.fr\/#\/schema\/logo\/image\/"},"sameAs":["https:\/\/www.facebook.com\/profile.php?id=100088079003468","https:\/\/www.instagram.com\/kinesportcrolles\/"]}]}},"_links":{"self":[{"href":"https:\/\/kinesportcrolles.fr\/index.php\/wp-json\/wp\/v2\/pages\/9","targetHints":{"allow":["GET"]}}],"collection":[{"href":"https:\/\/kinesportcrolles.fr\/index.php\/wp-json\/wp\/v2\/pages"}],"about":[{"href":"https:\/\/kinesportcrolles.fr\/index.php\/wp-json\/wp\/v2\/types\/page"}],"author":[{"embeddable":true,"href":"https:\/\/kinesportcrolles.fr\/index.php\/wp-json\/wp\/v2\/users\/1"}],"replies":[{"embeddable":true,"href":"https:\/\/kinesportcrolles.fr\/index.php\/wp-json\/wp\/v2\/comments?post=9"}],"version-history":[{"count":55,"href":"https:\/\/kinesportcrolles.fr\/index.php\/wp-json\/wp\/v2\/pages\/9\/revisions"}],"predecessor-version":[{"id":314,"href":"https:\/\/kinesportcrolles.fr\/index.php\/wp-json\/wp\/v2\/pages\/9\/revisions\/314"}],"wp:featuredmedia":[{"embeddable":true,"href":"https:\/\/kinesportcrolles.fr\/index.php\/wp-json\/wp\/v2\/media\/82"}],"wp:attachment":[{"href":"https:\/\/kinesportcrolles.fr\/index.php\/wp-json\/wp\/v2\/media?parent=9"}],"curies":[{"name":"wp","href":"https:\/\/api.w.org\/{rel}","templated":true}]}}