{"id":97,"date":"2023-01-17T13:37:35","date_gmt":"2023-01-17T12:37:35","guid":{"rendered":"http:\/\/kinesportcrolles.fr\/?page_id=97"},"modified":"2024-03-24T20:59:22","modified_gmt":"2024-03-24T19:59:22","slug":"massage-kine-sport-crolles","status":"publish","type":"page","link":"https:\/\/kinesportcrolles.fr\/index.php\/massage-kine-sport-crolles\/","title":{"rendered":"Massage"},"content":{"rendered":"\n<p class=\"has-neve-link-color-color has-text-color\" style=\"font-size:40px\">Massage<\/p>\n\n\n\n<div class=\"wp-block-cover\"><span aria-hidden=\"true\" class=\"wp-block-cover__background has-nv-c-1-background-color has-background-dim-100 has-background-dim\"><\/span><div class=\"wp-block-cover__inner-container is-layout-flow wp-block-cover-is-layout-flow\">\n<p class=\"has-text-align-center has-background has-large-font-size\" style=\"background-color:#3f4e66\"><\/p>\n\n\n\n<div class=\"wp-block-columns is-layout-flex wp-container-core-columns-is-layout-9d6595d7 wp-block-columns-is-layout-flex\">\n<div class=\"wp-block-column is-layout-flow wp-block-column-is-layout-flow\">\n<p class=\"has-text-align-center has-background has-medium-font-size\" style=\"background-color:#3f4e66\">Massage Bien-\u00eatre 30 min<br>Tarif : 40 euros<br><\/p>\n\n\n\n<figure class=\"wp-block-image size-full\"><img loading=\"lazy\" decoding=\"async\" width=\"612\" height=\"408\" src=\"https:\/\/kinesportcrolles.fr\/wp-content\/uploads\/2023\/01\/WhatsApp-Image-2023-01-17-at-13.56.00.jpeg\" alt=\"Massage bien-\u00eatre. D\u00e9tente. Masseur-kin\u00e9sith\u00e9rapeute. Corps. Huile. Kin\u00e9 Sport Crolles\" class=\"wp-image-107\" srcset=\"https:\/\/kinesportcrolles.fr\/wp-content\/uploads\/2023\/01\/WhatsApp-Image-2023-01-17-at-13.56.00.jpeg 612w, https:\/\/kinesportcrolles.fr\/wp-content\/uploads\/2023\/01\/WhatsApp-Image-2023-01-17-at-13.56.00-300x200.jpeg 300w\" sizes=\"auto, (max-width: 612px) 100vw, 612px\" \/><\/figure>\n\n\n\n<p class=\"has-text-align-center has-medium-font-size\"><\/p>\n<\/div>\n\n\n\n<div class=\"wp-block-column is-layout-flow wp-block-column-is-layout-flow\" style=\"flex-basis:30px\"><\/div>\n\n\n\n<div class=\"wp-block-column is-layout-flow wp-block-column-is-layout-flow\">\n<div style=\"height:15px\" aria-hidden=\"true\" class=\"wp-block-spacer\"><\/div>\n\n\n\n<p class=\"has-text-align-center has-medium-font-size\">Massage bien-\u00eatre 50min<br>Tarif : 60euros<br><br><\/p>\n\n\n\n<figure class=\"wp-block-image size-full\"><img loading=\"lazy\" decoding=\"async\" width=\"612\" height=\"408\" src=\"https:\/\/kinesportcrolles.fr\/wp-content\/uploads\/2023\/01\/massage-dos.jpg\" alt=\"Massage bien-\u00eatre. D\u00e9tente. Masseur-kin\u00e9sith\u00e9rapeute. Corps. Huile. Kin\u00e9 Sport Crolles.\" class=\"wp-image-102\" srcset=\"https:\/\/kinesportcrolles.fr\/wp-content\/uploads\/2023\/01\/massage-dos.jpg 612w, https:\/\/kinesportcrolles.fr\/wp-content\/uploads\/2023\/01\/massage-dos-300x200.jpg 300w\" sizes=\"auto, (max-width: 612px) 100vw, 612px\" \/><\/figure>\n\n\n\n<p class=\"has-text-align-center has-medium-font-size\"><\/p>\n<\/div>\n<\/div>\n<\/div><\/div>\n\n\n\n<p class=\"has-text-align-center has-nv-c-1-color has-text-color\">Pour prendre rendez-vous, contactez-nous par <a href=\"https:\/\/kinesportcrolles.fr\/index.php\/contact\/\" target=\"_blank\" rel=\"noreferrer noopener\">t\u00e9l\u00e9phone<\/a> ou <a href=\"https:\/\/kinesportcrolles.fr\/index.php\/contact\/\" target=\"_blank\" rel=\"noreferrer noopener\">mail<\/a><\/p>\n\n\n\n<p class=\"has-text-align-center has-nv-c-1-color has-text-color\">Retrouvez-nous sur <a href=\"https:\/\/www.facebook.com\/profile.php?id=100088079003468\" target=\"_blank\" rel=\"noreferrer noopener\">Facebook<\/a> et <a href=\"https:\/\/www.instagram.com\/kinesportcrolles\/\" target=\"_blank\" rel=\"noreferrer noopener\">Instagram<\/a><\/p>\n","protected":false},"excerpt":{"rendered":"<p>Massage Pour prendre rendez-vous, contactez-nous par t\u00e9l\u00e9phone ou mail Retrouvez-nous sur Facebook et Instagram<\/p>\n","protected":false},"author":1,"featured_media":0,"parent":0,"menu_order":0,"comment_status":"closed","ping_status":"closed","template":"","meta":{"neve_meta_sidebar":"","neve_meta_container":"","neve_meta_enable_content_width":"","neve_meta_content_width":0,"neve_meta_title_alignment":"","neve_meta_author_avatar":"","neve_post_elements_order":"","neve_meta_disable_header":"","neve_meta_disable_footer":"","neve_meta_disable_title":"","footnotes":""},"class_list":["post-97","page","type-page","status-publish","hentry"],"yoast_head":"<!-- This site is optimized with the Yoast SEO plugin v27.3 - https:\/\/yoast.com\/product\/yoast-seo-wordpress\/ -->\n<title>Massage Kin\u00e9 Sport Crolles<\/title>\n<meta name=\"description\" content=\"Massage bien-\u00eatre par les masseurs-kin\u00e9sith\u00e9rapeutes de Kin\u00e9 Sport Crolles. Offrez-vous un moment de d\u00e9tente et de rel\u00e2chement du corps.\" \/>\n<meta name=\"robots\" content=\"index, follow, max-snippet:-1, max-image-preview:large, max-video-preview:-1\" \/>\n<link rel=\"canonical\" href=\"https:\/\/kinesportcrolles.fr\/index.php\/massage-kine-sport-crolles\/\" \/>\n<meta property=\"og:locale\" content=\"fr_FR\" \/>\n<meta property=\"og:type\" content=\"article\" \/>\n<meta property=\"og:title\" content=\"Massage Kin\u00e9 Sport Crolles\" \/>\n<meta property=\"og:description\" content=\"Massage bien-\u00eatre par les masseurs-kin\u00e9sith\u00e9rapeutes de Kin\u00e9 Sport Crolles. Offrez-vous un moment de d\u00e9tente et de rel\u00e2chement du corps.\" \/>\n<meta property=\"og:url\" content=\"https:\/\/kinesportcrolles.fr\/index.php\/massage-kine-sport-crolles\/\" \/>\n<meta property=\"og:site_name\" content=\"WordPress\" \/>\n<meta property=\"article:publisher\" content=\"https:\/\/www.facebook.com\/profile.php?id=100088079003468\" \/>\n<meta property=\"article:modified_time\" content=\"2024-03-24T19:59:22+00:00\" \/>\n<meta property=\"og:image\" content=\"http:\/\/kinesportcrolles.fr\/wp-content\/uploads\/2023\/01\/WhatsApp-Image-2023-01-17-at-13.56.00.jpeg\" \/>\n<meta name=\"twitter:card\" content=\"summary_large_image\" \/>\n<meta name=\"twitter:label1\" content=\"Dur\u00e9e de lecture estim\u00e9e\" \/>\n\t<meta name=\"twitter:data1\" content=\"1 minute\" \/>\n<script type=\"application\/ld+json\" class=\"yoast-schema-graph\">{\"@context\":\"https:\\\/\\\/schema.org\",\"@graph\":[{\"@type\":\"WebPage\",\"@id\":\"https:\\\/\\\/kinesportcrolles.fr\\\/index.php\\\/massage-kine-sport-crolles\\\/\",\"url\":\"https:\\\/\\\/kinesportcrolles.fr\\\/index.php\\\/massage-kine-sport-crolles\\\/\",\"name\":\"Massage Kin\u00e9 Sport Crolles\",\"isPartOf\":{\"@id\":\"https:\\\/\\\/kinesportcrolles.fr\\\/#website\"},\"primaryImageOfPage\":{\"@id\":\"https:\\\/\\\/kinesportcrolles.fr\\\/index.php\\\/massage-kine-sport-crolles\\\/#primaryimage\"},\"image\":{\"@id\":\"https:\\\/\\\/kinesportcrolles.fr\\\/index.php\\\/massage-kine-sport-crolles\\\/#primaryimage\"},\"thumbnailUrl\":\"http:\\\/\\\/kinesportcrolles.fr\\\/wp-content\\\/uploads\\\/2023\\\/01\\\/WhatsApp-Image-2023-01-17-at-13.56.00.jpeg\",\"datePublished\":\"2023-01-17T12:37:35+00:00\",\"dateModified\":\"2024-03-24T19:59:22+00:00\",\"description\":\"Massage bien-\u00eatre par les masseurs-kin\u00e9sith\u00e9rapeutes de Kin\u00e9 Sport Crolles. Offrez-vous un moment de d\u00e9tente et de rel\u00e2chement du corps.\",\"breadcrumb\":{\"@id\":\"https:\\\/\\\/kinesportcrolles.fr\\\/index.php\\\/massage-kine-sport-crolles\\\/#breadcrumb\"},\"inLanguage\":\"fr-FR\",\"potentialAction\":[{\"@type\":\"ReadAction\",\"target\":[\"https:\\\/\\\/kinesportcrolles.fr\\\/index.php\\\/massage-kine-sport-crolles\\\/\"]}]},{\"@type\":\"ImageObject\",\"inLanguage\":\"fr-FR\",\"@id\":\"https:\\\/\\\/kinesportcrolles.fr\\\/index.php\\\/massage-kine-sport-crolles\\\/#primaryimage\",\"url\":\"http:\\\/\\\/kinesportcrolles.fr\\\/wp-content\\\/uploads\\\/2023\\\/01\\\/WhatsApp-Image-2023-01-17-at-13.56.00.jpeg\",\"contentUrl\":\"http:\\\/\\\/kinesportcrolles.fr\\\/wp-content\\\/uploads\\\/2023\\\/01\\\/WhatsApp-Image-2023-01-17-at-13.56.00.jpeg\"},{\"@type\":\"BreadcrumbList\",\"@id\":\"https:\\\/\\\/kinesportcrolles.fr\\\/index.php\\\/massage-kine-sport-crolles\\\/#breadcrumb\",\"itemListElement\":[{\"@type\":\"ListItem\",\"position\":1,\"name\":\"Accueil\",\"item\":\"https:\\\/\\\/kinesportcrolles.fr\\\/\"},{\"@type\":\"ListItem\",\"position\":2,\"name\":\"Massage\"}]},{\"@type\":\"WebSite\",\"@id\":\"https:\\\/\\\/kinesportcrolles.fr\\\/#website\",\"url\":\"https:\\\/\\\/kinesportcrolles.fr\\\/\",\"name\":\"Kine Sport Crolles\",\"description\":\"\",\"publisher\":{\"@id\":\"https:\\\/\\\/kinesportcrolles.fr\\\/#organization\"},\"potentialAction\":[{\"@type\":\"SearchAction\",\"target\":{\"@type\":\"EntryPoint\",\"urlTemplate\":\"https:\\\/\\\/kinesportcrolles.fr\\\/?s={search_term_string}\"},\"query-input\":{\"@type\":\"PropertyValueSpecification\",\"valueRequired\":true,\"valueName\":\"search_term_string\"}}],\"inLanguage\":\"fr-FR\"},{\"@type\":\"Organization\",\"@id\":\"https:\\\/\\\/kinesportcrolles.fr\\\/#organization\",\"name\":\"Kine Sport Crolles\",\"url\":\"https:\\\/\\\/kinesportcrolles.fr\\\/\",\"logo\":{\"@type\":\"ImageObject\",\"inLanguage\":\"fr-FR\",\"@id\":\"https:\\\/\\\/kinesportcrolles.fr\\\/#\\\/schema\\\/logo\\\/image\\\/\",\"url\":\"http:\\\/\\\/kinesportcrolles.fr\\\/wp-content\\\/uploads\\\/2023\\\/01\\\/cropped-Capture-decran-2023-01-05-a-15.07.36.png\",\"contentUrl\":\"http:\\\/\\\/kinesportcrolles.fr\\\/wp-content\\\/uploads\\\/2023\\\/01\\\/cropped-Capture-decran-2023-01-05-a-15.07.36.png\",\"width\":200,\"height\":125,\"caption\":\"Kine Sport Crolles\"},\"image\":{\"@id\":\"https:\\\/\\\/kinesportcrolles.fr\\\/#\\\/schema\\\/logo\\\/image\\\/\"},\"sameAs\":[\"https:\\\/\\\/www.facebook.com\\\/profile.php?id=100088079003468\",\"https:\\\/\\\/www.instagram.com\\\/kinesportcrolles\\\/\"]}]}<\/script>\n<!-- \/ Yoast SEO plugin. -->","yoast_head_json":{"title":"Massage Kin\u00e9 Sport Crolles","description":"Massage bien-\u00eatre par les masseurs-kin\u00e9sith\u00e9rapeutes de Kin\u00e9 Sport Crolles. Offrez-vous un moment de d\u00e9tente et de rel\u00e2chement du corps.","robots":{"index":"index","follow":"follow","max-snippet":"max-snippet:-1","max-image-preview":"max-image-preview:large","max-video-preview":"max-video-preview:-1"},"canonical":"https:\/\/kinesportcrolles.fr\/index.php\/massage-kine-sport-crolles\/","og_locale":"fr_FR","og_type":"article","og_title":"Massage Kin\u00e9 Sport Crolles","og_description":"Massage bien-\u00eatre par les masseurs-kin\u00e9sith\u00e9rapeutes de Kin\u00e9 Sport Crolles. Offrez-vous un moment de d\u00e9tente et de rel\u00e2chement du corps.","og_url":"https:\/\/kinesportcrolles.fr\/index.php\/massage-kine-sport-crolles\/","og_site_name":"WordPress","article_publisher":"https:\/\/www.facebook.com\/profile.php?id=100088079003468","article_modified_time":"2024-03-24T19:59:22+00:00","og_image":[{"url":"http:\/\/kinesportcrolles.fr\/wp-content\/uploads\/2023\/01\/WhatsApp-Image-2023-01-17-at-13.56.00.jpeg","type":"","width":"","height":""}],"twitter_card":"summary_large_image","twitter_misc":{"Dur\u00e9e de lecture estim\u00e9e":"1 minute"},"schema":{"@context":"https:\/\/schema.org","@graph":[{"@type":"WebPage","@id":"https:\/\/kinesportcrolles.fr\/index.php\/massage-kine-sport-crolles\/","url":"https:\/\/kinesportcrolles.fr\/index.php\/massage-kine-sport-crolles\/","name":"Massage Kin\u00e9 Sport Crolles","isPartOf":{"@id":"https:\/\/kinesportcrolles.fr\/#website"},"primaryImageOfPage":{"@id":"https:\/\/kinesportcrolles.fr\/index.php\/massage-kine-sport-crolles\/#primaryimage"},"image":{"@id":"https:\/\/kinesportcrolles.fr\/index.php\/massage-kine-sport-crolles\/#primaryimage"},"thumbnailUrl":"http:\/\/kinesportcrolles.fr\/wp-content\/uploads\/2023\/01\/WhatsApp-Image-2023-01-17-at-13.56.00.jpeg","datePublished":"2023-01-17T12:37:35+00:00","dateModified":"2024-03-24T19:59:22+00:00","description":"Massage bien-\u00eatre par les masseurs-kin\u00e9sith\u00e9rapeutes de Kin\u00e9 Sport Crolles. Offrez-vous un moment de d\u00e9tente et de rel\u00e2chement du corps.","breadcrumb":{"@id":"https:\/\/kinesportcrolles.fr\/index.php\/massage-kine-sport-crolles\/#breadcrumb"},"inLanguage":"fr-FR","potentialAction":[{"@type":"ReadAction","target":["https:\/\/kinesportcrolles.fr\/index.php\/massage-kine-sport-crolles\/"]}]},{"@type":"ImageObject","inLanguage":"fr-FR","@id":"https:\/\/kinesportcrolles.fr\/index.php\/massage-kine-sport-crolles\/#primaryimage","url":"http:\/\/kinesportcrolles.fr\/wp-content\/uploads\/2023\/01\/WhatsApp-Image-2023-01-17-at-13.56.00.jpeg","contentUrl":"http:\/\/kinesportcrolles.fr\/wp-content\/uploads\/2023\/01\/WhatsApp-Image-2023-01-17-at-13.56.00.jpeg"},{"@type":"BreadcrumbList","@id":"https:\/\/kinesportcrolles.fr\/index.php\/massage-kine-sport-crolles\/#breadcrumb","itemListElement":[{"@type":"ListItem","position":1,"name":"Accueil","item":"https:\/\/kinesportcrolles.fr\/"},{"@type":"ListItem","position":2,"name":"Massage"}]},{"@type":"WebSite","@id":"https:\/\/kinesportcrolles.fr\/#website","url":"https:\/\/kinesportcrolles.fr\/","name":"Kine Sport Crolles","description":"","publisher":{"@id":"https:\/\/kinesportcrolles.fr\/#organization"},"potentialAction":[{"@type":"SearchAction","target":{"@type":"EntryPoint","urlTemplate":"https:\/\/kinesportcrolles.fr\/?s={search_term_string}"},"query-input":{"@type":"PropertyValueSpecification","valueRequired":true,"valueName":"search_term_string"}}],"inLanguage":"fr-FR"},{"@type":"Organization","@id":"https:\/\/kinesportcrolles.fr\/#organization","name":"Kine Sport Crolles","url":"https:\/\/kinesportcrolles.fr\/","logo":{"@type":"ImageObject","inLanguage":"fr-FR","@id":"https:\/\/kinesportcrolles.fr\/#\/schema\/logo\/image\/","url":"http:\/\/kinesportcrolles.fr\/wp-content\/uploads\/2023\/01\/cropped-Capture-decran-2023-01-05-a-15.07.36.png","contentUrl":"http:\/\/kinesportcrolles.fr\/wp-content\/uploads\/2023\/01\/cropped-Capture-decran-2023-01-05-a-15.07.36.png","width":200,"height":125,"caption":"Kine Sport Crolles"},"image":{"@id":"https:\/\/kinesportcrolles.fr\/#\/schema\/logo\/image\/"},"sameAs":["https:\/\/www.facebook.com\/profile.php?id=100088079003468","https:\/\/www.instagram.com\/kinesportcrolles\/"]}]}},"_links":{"self":[{"href":"https:\/\/kinesportcrolles.fr\/index.php\/wp-json\/wp\/v2\/pages\/97","targetHints":{"allow":["GET"]}}],"collection":[{"href":"https:\/\/kinesportcrolles.fr\/index.php\/wp-json\/wp\/v2\/pages"}],"about":[{"href":"https:\/\/kinesportcrolles.fr\/index.php\/wp-json\/wp\/v2\/types\/page"}],"author":[{"embeddable":true,"href":"https:\/\/kinesportcrolles.fr\/index.php\/wp-json\/wp\/v2\/users\/1"}],"replies":[{"embeddable":true,"href":"https:\/\/kinesportcrolles.fr\/index.php\/wp-json\/wp\/v2\/comments?post=97"}],"version-history":[{"count":25,"href":"https:\/\/kinesportcrolles.fr\/index.php\/wp-json\/wp\/v2\/pages\/97\/revisions"}],"predecessor-version":[{"id":335,"href":"https:\/\/kinesportcrolles.fr\/index.php\/wp-json\/wp\/v2\/pages\/97\/revisions\/335"}],"wp:attachment":[{"href":"https:\/\/kinesportcrolles.fr\/index.php\/wp-json\/wp\/v2\/media?parent=97"}],"curies":[{"name":"wp","href":"https:\/\/api.w.org\/{rel}","templated":true}]}}